{"id":11,"date":"2015-02-12T23:25:48","date_gmt":"2015-02-12T22:25:48","guid":{"rendered":"http:\/\/domary.com\/?page_id=11"},"modified":"2024-11-02T23:57:22","modified_gmt":"2024-11-02T22:57:22","slug":"atelier-de-peinture-de-domary","status":"publish","type":"page","link":"http:\/\/www.domary.com\/?page_id=11","title":{"rendered":"1- Atelier de peinture"},"content":{"rendered":"<!--[if lt IE 9]><script>document.createElement('audio');<\/script><![endif]-->\n<audio class=\"wp-audio-shortcode\" id=\"audio-11-1\" autoplay=\"1\" preload=\"none\" style=\"width: 100%;\" controls=\"controls\"><source type=\"audio\/mpeg\" src=\"http:\/\/www.domary.com\/wp-content\/uploads\/2015\/02\/PariPassu_Lex_van_Someren.mp3?_=1\" \/><a href=\"http:\/\/www.domary.com\/wp-content\/uploads\/2015\/02\/PariPassu_Lex_van_Someren.mp3\">http:\/\/www.domary.com\/wp-content\/uploads\/2015\/02\/PariPassu_Lex_van_Someren.mp3<\/a><\/audio>\n<h5>\u00a0Musique: \u00ab\u00a0Pari Passu\u00a0\u00bb Lex van Someren<\/h5>\n<h3 style=\"text-align: center;\"><em>DomAry<\/em><\/h3>\n<h3><span style=\"color: #ad3f0c;\"><a href=\"http:\/\/www.domary.com\/wp-content\/uploads\/2015\/02\/atelier0.jpg\"><img decoding=\"async\" loading=\"lazy\" class=\"size-full wp-image-291 aligncenter\" src=\"http:\/\/www.domary.com\/wp-content\/uploads\/2015\/02\/atelier0.jpg\" alt=\"atelier0\" width=\"600\" height=\"800\" srcset=\"http:\/\/www.domary.com\/wp-content\/uploads\/2015\/02\/atelier0.jpg 600w, http:\/\/www.domary.com\/wp-content\/uploads\/2015\/02\/atelier0-225x300.jpg 225w\" sizes=\"(max-width: 600px) 100vw, 600px\" \/><\/a><\/span><\/h3>\n<p style=\"text-align: left;\"><strong>Nouveaut\u00e9s huile\u00a0 technique des \u00ab\u00a0Primitifs flamands\u00a0\u00bb :<\/strong><\/p>\n<p>\u00a0\u00ab\u00a0La vie du Capitaine Guynemer\u00a0\u00bb<\/p>\n<p><a href=\"http:\/\/www.domary.com\/wp-content\/uploads\/2024\/11\/Guynemer777.jpg\"><img decoding=\"async\" loading=\"lazy\" class=\"alignnone size-full wp-image-523\" src=\"http:\/\/www.domary.com\/wp-content\/uploads\/2024\/11\/Guynemer777.jpg\" alt=\"\" width=\"1924\" height=\"1525\" srcset=\"http:\/\/www.domary.com\/wp-content\/uploads\/2024\/11\/Guynemer777.jpg 1924w, http:\/\/www.domary.com\/wp-content\/uploads\/2024\/11\/Guynemer777-300x238.jpg 300w, http:\/\/www.domary.com\/wp-content\/uploads\/2024\/11\/Guynemer777-1024x812.jpg 1024w, http:\/\/www.domary.com\/wp-content\/uploads\/2024\/11\/Guynemer777-768x609.jpg 768w, http:\/\/www.domary.com\/wp-content\/uploads\/2024\/11\/Guynemer777-1536x1217.jpg 1536w\" sizes=\"(max-width: 1924px) 100vw, 1924px\" \/><\/a><\/p>\n<p style=\"text-align: left;\">\u00ab\u00a0L&rsquo;Alchimiste\u00a0\u00bb<\/p>\n<p><a href=\"http:\/\/www.domary.com\/wp-content\/uploads\/2024\/05\/2000_175856.jpg\"><img decoding=\"async\" loading=\"lazy\" class=\"alignnone size-full wp-image-510\" src=\"http:\/\/www.domary.com\/wp-content\/uploads\/2024\/05\/2000_175856.jpg\" alt=\"\" width=\"2000\" height=\"1432\" srcset=\"http:\/\/www.domary.com\/wp-content\/uploads\/2024\/05\/2000_175856.jpg 2000w, http:\/\/www.domary.com\/wp-content\/uploads\/2024\/05\/2000_175856-300x215.jpg 300w, http:\/\/www.domary.com\/wp-content\/uploads\/2024\/05\/2000_175856-1024x733.jpg 1024w, http:\/\/www.domary.com\/wp-content\/uploads\/2024\/05\/2000_175856-768x550.jpg 768w, http:\/\/www.domary.com\/wp-content\/uploads\/2024\/05\/2000_175856-1536x1100.jpg 1536w\" sizes=\"(max-width: 2000px) 100vw, 2000px\" \/><\/a><\/p>\n<p>aquarelle:<\/p>\n<h6 style=\"text-align: center;\"><em>\u00ab\u00a0il y a autant de chemins qui m\u00e8nent \u00e0 Dieu que d&rsquo;hommes sur la terre\u00a0\u00bb<\/em><\/h6>\n<p><a href=\"http:\/\/www.domary.com\/wp-content\/uploads\/2019\/12\/BabAZe-600.jpg\"><img decoding=\"async\" loading=\"lazy\" class=\"alignnone size-full wp-image-461\" src=\"http:\/\/www.domary.com\/wp-content\/uploads\/2019\/12\/BabAZe-600.jpg\" alt=\"\" width=\"800\" height=\"595\" srcset=\"http:\/\/www.domary.com\/wp-content\/uploads\/2019\/12\/BabAZe-600.jpg 800w, http:\/\/www.domary.com\/wp-content\/uploads\/2019\/12\/BabAZe-600-300x223.jpg 300w, http:\/\/www.domary.com\/wp-content\/uploads\/2019\/12\/BabAZe-600-768x571.jpg 768w\" sizes=\"(max-width: 800px) 100vw, 800px\" \/><\/a><\/p>\n<p style=\"text-align: center;\">huile technique flamande:<\/p>\n<p style=\"text-align: center;\"><a href=\"http:\/\/www.domary.com\/wp-content\/uploads\/2023\/06\/P1210253_1000.jpg\"><img decoding=\"async\" loading=\"lazy\" class=\"alignnone size-full wp-image-499\" src=\"http:\/\/www.domary.com\/wp-content\/uploads\/2023\/06\/P1210253_1000.jpg\" alt=\"\" width=\"1000\" height=\"749\" srcset=\"http:\/\/www.domary.com\/wp-content\/uploads\/2023\/06\/P1210253_1000.jpg 1000w, http:\/\/www.domary.com\/wp-content\/uploads\/2023\/06\/P1210253_1000-300x225.jpg 300w, http:\/\/www.domary.com\/wp-content\/uploads\/2023\/06\/P1210253_1000-768x575.jpg 768w\" sizes=\"(max-width: 1000px) 100vw, 1000px\" \/><\/a><\/p>\n<p>************************************************<\/p>\n<p><a href=\"http:\/\/www.domary.com\/wp-content\/uploads\/2019\/12\/155.jpg\"><img decoding=\"async\" loading=\"lazy\" class=\"alignnone size-full wp-image-460\" src=\"http:\/\/www.domary.com\/wp-content\/uploads\/2019\/12\/155.jpg\" alt=\"\" width=\"1500\" height=\"1125\" srcset=\"http:\/\/www.domary.com\/wp-content\/uploads\/2019\/12\/155.jpg 1500w, http:\/\/www.domary.com\/wp-content\/uploads\/2019\/12\/155-300x225.jpg 300w, http:\/\/www.domary.com\/wp-content\/uploads\/2019\/12\/155-1024x768.jpg 1024w, http:\/\/www.domary.com\/wp-content\/uploads\/2019\/12\/155-768x576.jpg 768w\" sizes=\"(max-width: 1500px) 100vw, 1500px\" \/><\/a><\/p>\n<p>huile technique flamande<br \/>\nUn d\u00e9tail du tableau de L\u00e9onard de Vinci et V\u00e9rrocchio \u00ab\u00a0Le bapt\u00eame de J\u00e9sus\u00a0\u00bb.<br \/>\n<a href=\"http:\/\/www.domary.com\/wp-content\/uploads\/2016\/01\/1024_481.jpg\"><img decoding=\"async\" loading=\"lazy\" class=\"alignnone size-full wp-image-401\" src=\"http:\/\/www.domary.com\/wp-content\/uploads\/2016\/01\/1024_481.jpg\" alt=\"\" width=\"1024\" height=\"1244\" srcset=\"http:\/\/www.domary.com\/wp-content\/uploads\/2016\/01\/1024_481.jpg 1024w, http:\/\/www.domary.com\/wp-content\/uploads\/2016\/01\/1024_481-247x300.jpg 247w, http:\/\/www.domary.com\/wp-content\/uploads\/2016\/01\/1024_481-768x933.jpg 768w, http:\/\/www.domary.com\/wp-content\/uploads\/2016\/01\/1024_481-843x1024.jpg 843w\" sizes=\"(max-width: 1024px) 100vw, 1024px\" \/><\/a><br \/>\n<a href=\"http:\/\/www.domary.com\/wp-content\/uploads\/2015\/02\/800_862.jpg\"><img decoding=\"async\" loading=\"lazy\" class=\"size-full wp-image-448 aligncenter\" src=\"http:\/\/www.domary.com\/wp-content\/uploads\/2015\/02\/800_862.jpg\" alt=\"\" width=\"800\" height=\"956\" srcset=\"http:\/\/www.domary.com\/wp-content\/uploads\/2015\/02\/800_862.jpg 800w, http:\/\/www.domary.com\/wp-content\/uploads\/2015\/02\/800_862-251x300.jpg 251w, http:\/\/www.domary.com\/wp-content\/uploads\/2015\/02\/800_862-768x918.jpg 768w\" sizes=\"(max-width: 800px) 100vw, 800px\" \/><\/a><\/p>\n<p><a href=\"http:\/\/www.domary.com\/wp-content\/uploads\/2015\/02\/1024_0885.jpg\"><img decoding=\"async\" loading=\"lazy\" class=\"size-full wp-image-449 aligncenter\" src=\"http:\/\/www.domary.com\/wp-content\/uploads\/2015\/02\/1024_0885.jpg\" alt=\"\" width=\"1024\" height=\"768\" srcset=\"http:\/\/www.domary.com\/wp-content\/uploads\/2015\/02\/1024_0885.jpg 1024w, http:\/\/www.domary.com\/wp-content\/uploads\/2015\/02\/1024_0885-300x225.jpg 300w, http:\/\/www.domary.com\/wp-content\/uploads\/2015\/02\/1024_0885-768x576.jpg 768w\" sizes=\"(max-width: 1024px) 100vw, 1024px\" \/><br \/>\n<\/a><a href=\"http:\/\/www.domary.com\/wp-content\/uploads\/2015\/02\/1024_336.jpg\"><img decoding=\"async\" loading=\"lazy\" class=\"alignnone size-full wp-image-455\" src=\"http:\/\/www.domary.com\/wp-content\/uploads\/2015\/02\/1024_336.jpg\" alt=\"\" width=\"988\" height=\"783\" srcset=\"http:\/\/www.domary.com\/wp-content\/uploads\/2015\/02\/1024_336.jpg 988w, http:\/\/www.domary.com\/wp-content\/uploads\/2015\/02\/1024_336-300x238.jpg 300w, http:\/\/www.domary.com\/wp-content\/uploads\/2015\/02\/1024_336-768x609.jpg 768w\" sizes=\"(max-width: 988px) 100vw, 988px\" \/><\/a><\/p>\n<p><a href=\"http:\/\/www.domary.com\/wp-content\/uploads\/2015\/02\/Blanche766.jpg\"><img decoding=\"async\" loading=\"lazy\" class=\"size-full wp-image-450 aligncenter\" src=\"http:\/\/www.domary.com\/wp-content\/uploads\/2015\/02\/Blanche766.jpg\" alt=\"\" width=\"768\" height=\"1024\" srcset=\"http:\/\/www.domary.com\/wp-content\/uploads\/2015\/02\/Blanche766.jpg 768w, http:\/\/www.domary.com\/wp-content\/uploads\/2015\/02\/Blanche766-225x300.jpg 225w\" sizes=\"(max-width: 768px) 100vw, 768px\" \/><\/a><\/p>\n<h3><span style=\"color: #ad3f0c;\">*****<\/span><\/h3>\n<h3><span style=\"color: #ad3f0c;\"> <a href=\"http:\/\/www.domary.com\/wp-content\/uploads\/2015\/02\/atelier1.jpg\"><img decoding=\"async\" loading=\"lazy\" class=\"size-full wp-image-292 aligncenter\" src=\"http:\/\/www.domary.com\/wp-content\/uploads\/2015\/02\/atelier1.jpg\" alt=\"atelier1\" width=\"476\" height=\"636\" srcset=\"http:\/\/www.domary.com\/wp-content\/uploads\/2015\/02\/atelier1.jpg 476w, http:\/\/www.domary.com\/wp-content\/uploads\/2015\/02\/atelier1-225x300.jpg 225w\" sizes=\"(max-width: 476px) 100vw, 476px\" \/><br \/>\n<\/a> <a href=\"http:\/\/www.domary.com\/wp-content\/uploads\/2015\/02\/Dom_Atelier.jpg\"><img decoding=\"async\" loading=\"lazy\" class=\"size-full wp-image-293 aligncenter\" src=\"http:\/\/www.domary.com\/wp-content\/uploads\/2015\/02\/Dom_Atelier.jpg\" alt=\"Dom_Atelier\" width=\"600\" height=\"800\" srcset=\"http:\/\/www.domary.com\/wp-content\/uploads\/2015\/02\/Dom_Atelier.jpg 600w, http:\/\/www.domary.com\/wp-content\/uploads\/2015\/02\/Dom_Atelier-225x300.jpg 225w\" sizes=\"(max-width: 600px) 100vw, 600px\" \/><\/a><\/span><\/h3>\n<p style=\"text-align: center;\">\u00ab\u00a0Hommage \u00e0 L\u00e9onard de Vinci\u00a0\u00bb<\/p>\n<p style=\"text-align: center;\"><a href=\"http:\/\/www.domary.com\/wp-content\/uploads\/2015\/02\/Vinci250.jpg\"><img decoding=\"async\" loading=\"lazy\" class=\"size-full wp-image-91 aligncenter\" src=\"http:\/\/www.domary.com\/wp-content\/uploads\/2015\/02\/Vinci250.jpg\" alt=\"Vinci250\" width=\"1024\" height=\"888\" srcset=\"http:\/\/www.domary.com\/wp-content\/uploads\/2015\/02\/Vinci250.jpg 1024w, http:\/\/www.domary.com\/wp-content\/uploads\/2015\/02\/Vinci250-300x260.jpg 300w\" sizes=\"(max-width: 1024px) 100vw, 1024px\" \/><\/a>Quelques \u00e9tudes:<br \/>\nL&rsquo;Eccl\u00e9siaste:\u00a0\u00bb vanitas vanitatum omnia vanitas\u00a0\u00bb<\/p>\n<p><a href=\"http:\/\/www.domary.com\/wp-content\/uploads\/2015\/02\/Vanite.jpg\"><img decoding=\"async\" loading=\"lazy\" class=\"size-full wp-image-197 aligncenter\" src=\"http:\/\/www.domary.com\/wp-content\/uploads\/2015\/02\/Vanite.jpg\" alt=\"Vanite\" width=\"1200\" height=\"992\" srcset=\"http:\/\/www.domary.com\/wp-content\/uploads\/2015\/02\/Vanite.jpg 1200w, http:\/\/www.domary.com\/wp-content\/uploads\/2015\/02\/Vanite-300x248.jpg 300w, http:\/\/www.domary.com\/wp-content\/uploads\/2015\/02\/Vanite-1024x847.jpg 1024w\" sizes=\"(max-width: 1200px) 100vw, 1200px\" \/><\/a><\/p>\n<p style=\"text-align: center;\">Un enfant \u00e9tudiant son rudiment (interpr\u00e9tation d&rsquo;apr\u00e8s un tableau de A.Girodet)<a href=\"http:\/\/domary.com\/wp-content\/uploads\/2015\/02\/girodet1.jpg\"><br \/>\n<img decoding=\"async\" loading=\"lazy\" class=\"size-full wp-image-19 aligncenter\" src=\"http:\/\/domary.com\/wp-content\/uploads\/2015\/02\/girodet1.jpg\" alt=\"girodet1\" width=\"600\" height=\"756\" srcset=\"http:\/\/www.domary.com\/wp-content\/uploads\/2015\/02\/girodet1.jpg 600w, http:\/\/www.domary.com\/wp-content\/uploads\/2015\/02\/girodet1-238x300.jpg 238w\" sizes=\"(max-width: 600px) 100vw, 600px\" \/><br \/>\n<\/a><\/p>\n<p style=\"text-align: center;\">Saint Jean l&rsquo;\u00e9vang\u00e9liste (interpr\u00e9tation d&rsquo;apr\u00e8s un tableau de Simon Vouet)<\/p>\n<p><a href=\"http:\/\/www.domary.com\/wp-content\/uploads\/2015\/02\/StJean0834.jpg\"><img decoding=\"async\" loading=\"lazy\" class=\"wp-image-47 aligncenter\" src=\"http:\/\/www.domary.com\/wp-content\/uploads\/2015\/02\/StJean0834.jpg\" alt=\"StJean0834\" width=\"645\" height=\"894\" srcset=\"http:\/\/www.domary.com\/wp-content\/uploads\/2015\/02\/StJean0834.jpg 854w, http:\/\/www.domary.com\/wp-content\/uploads\/2015\/02\/StJean0834-216x300.jpg 216w, http:\/\/www.domary.com\/wp-content\/uploads\/2015\/02\/StJean0834-739x1024.jpg 739w\" sizes=\"(max-width: 645px) 100vw, 645px\" \/><\/a><\/p>\n<p style=\"text-align: center;\">D\u00e9tail d&rsquo;un tableau de Verrochio et Vinci \u00ab\u00a0le bapt\u00eame du Christ\u00a0\u00bb<\/p>\n<p><a href=\"http:\/\/www.domary.com\/wp-content\/uploads\/2015\/02\/1024_477.jpg\"><img decoding=\"async\" loading=\"lazy\" class=\"size-full wp-image-428 aligncenter\" src=\"http:\/\/www.domary.com\/wp-content\/uploads\/2015\/02\/1024_477.jpg\" alt=\"1024_477\" width=\"1024\" height=\"1249\" srcset=\"http:\/\/www.domary.com\/wp-content\/uploads\/2015\/02\/1024_477.jpg 1024w, http:\/\/www.domary.com\/wp-content\/uploads\/2015\/02\/1024_477-246x300.jpg 246w, http:\/\/www.domary.com\/wp-content\/uploads\/2015\/02\/1024_477-768x937.jpg 768w, http:\/\/www.domary.com\/wp-content\/uploads\/2015\/02\/1024_477-840x1024.jpg 840w\" sizes=\"(max-width: 1024px) 100vw, 1024px\" \/><\/a><\/p>\n<p style=\"text-align: center;\">Petit tib\u00e9tain<\/p>\n<p><a href=\"http:\/\/www.domary.com\/wp-content\/uploads\/2015\/02\/Tibetain1024_438.jpg\"><img decoding=\"async\" loading=\"lazy\" class=\"size-full wp-image-48 aligncenter\" src=\"http:\/\/www.domary.com\/wp-content\/uploads\/2015\/02\/Tibetain1024_438.jpg\" alt=\"Tibetain1024_438\" width=\"600\" height=\"706\" srcset=\"http:\/\/www.domary.com\/wp-content\/uploads\/2015\/02\/Tibetain1024_438.jpg 600w, http:\/\/www.domary.com\/wp-content\/uploads\/2015\/02\/Tibetain1024_438-255x300.jpg 255w\" sizes=\"(max-width: 600px) 100vw, 600px\" \/><\/a><\/p>\n<p style=\"text-align: center;\">A la porte du chai<\/p>\n<p><a href=\"http:\/\/www.domary.com\/wp-content\/uploads\/2015\/02\/chais0064.jpg\"><img decoding=\"async\" loading=\"lazy\" class=\"wp-image-138 aligncenter\" src=\"http:\/\/www.domary.com\/wp-content\/uploads\/2015\/02\/chais0064.jpg\" alt=\"chais0064\" width=\"739\" height=\"908\" srcset=\"http:\/\/www.domary.com\/wp-content\/uploads\/2015\/02\/chais0064.jpg 1559w, http:\/\/www.domary.com\/wp-content\/uploads\/2015\/02\/chais0064-244x300.jpg 244w, http:\/\/www.domary.com\/wp-content\/uploads\/2015\/02\/chais0064-833x1024.jpg 833w\" sizes=\"(max-width: 739px) 100vw, 739px\" \/><\/a><\/p>\n<p style=\"text-align: center;\"><a href=\"http:\/\/www.domary.com\/wp-content\/uploads\/2015\/02\/photographie325.jpg\"><br \/>\n<\/a>Dans l&rsquo;objectif des fr\u00e8res Prillot<br \/>\n<a href=\"http:\/\/www.domary.com\/wp-content\/uploads\/2015\/02\/photographie325.jpg\"><br \/>\n<img decoding=\"async\" loading=\"lazy\" class=\"wp-image-49 aligncenter\" src=\"http:\/\/www.domary.com\/wp-content\/uploads\/2015\/02\/photographie325.jpg\" alt=\"photographie325\" width=\"745\" height=\"608\" srcset=\"http:\/\/www.domary.com\/wp-content\/uploads\/2015\/02\/photographie325.jpg 1800w, http:\/\/www.domary.com\/wp-content\/uploads\/2015\/02\/photographie325-300x245.jpg 300w, http:\/\/www.domary.com\/wp-content\/uploads\/2015\/02\/photographie325-1024x835.jpg 1024w\" sizes=\"(max-width: 745px) 100vw, 745px\" \/><\/a> <a href=\"http:\/\/www.domary.com\/wp-content\/uploads\/2015\/02\/rueDeRome.jpg\"><br \/>\n<\/a>Rue de Rome<\/p>\n<p><img decoding=\"async\" loading=\"lazy\" class=\"wp-image-50 aligncenter\" src=\"http:\/\/www.domary.com\/wp-content\/uploads\/2015\/02\/rueDeRome.jpg\" alt=\"rueDeRome\" width=\"745\" height=\"617\" srcset=\"http:\/\/www.domary.com\/wp-content\/uploads\/2015\/02\/rueDeRome.jpg 1362w, http:\/\/www.domary.com\/wp-content\/uploads\/2015\/02\/rueDeRome-300x248.jpg 300w, http:\/\/www.domary.com\/wp-content\/uploads\/2015\/02\/rueDeRome-1024x848.jpg 1024w\" sizes=\"(max-width: 745px) 100vw, 745px\" \/><\/p>\n<p style=\"text-align: center;\"><a href=\"http:\/\/www.domary.com\/wp-content\/uploads\/2015\/02\/P1110418.jpg\"><br \/>\n<\/a>Le petit paysan accoud\u00e9 (interpr\u00e9tation d&rsquo;apr\u00e8s un tableau de\u00a0 Murillo)<\/p>\n<p><img decoding=\"async\" loading=\"lazy\" class=\"wp-image-51 aligncenter\" src=\"http:\/\/www.domary.com\/wp-content\/uploads\/2015\/02\/P1110418.jpg\" alt=\"P1110418\" width=\"743\" height=\"958\" srcset=\"http:\/\/www.domary.com\/wp-content\/uploads\/2015\/02\/P1110418.jpg 1176w, http:\/\/www.domary.com\/wp-content\/uploads\/2015\/02\/P1110418-233x300.jpg 233w, http:\/\/www.domary.com\/wp-content\/uploads\/2015\/02\/P1110418-794x1024.jpg 794w\" sizes=\"(max-width: 743px) 100vw, 743px\" \/><\/p>\n<p style=\"text-align: center;\">Au fouillis des mots<a href=\"http:\/\/www.domary.com\/wp-content\/uploads\/2015\/02\/livre428.jpg\"><br \/>\n<img decoding=\"async\" loading=\"lazy\" class=\"size-full wp-image-52 aligncenter\" src=\"http:\/\/www.domary.com\/wp-content\/uploads\/2015\/02\/livre428.jpg\" alt=\"livre428\" width=\"600\" height=\"415\" srcset=\"http:\/\/www.domary.com\/wp-content\/uploads\/2015\/02\/livre428.jpg 600w, http:\/\/www.domary.com\/wp-content\/uploads\/2015\/02\/livre428-300x208.jpg 300w\" sizes=\"(max-width: 600px) 100vw, 600px\" \/><\/a><\/p>\n<p style=\"text-align: center;\">Petite fille (interpr\u00e9tation d&rsquo;apr\u00e8s un tableau de\u00a0 Judith Leyster)<a href=\"http:\/\/www.domary.com\/wp-content\/uploads\/2015\/02\/fileltteChapeauPaille.jpg\"><img decoding=\"async\" loading=\"lazy\" class=\"wp-image-53 aligncenter\" src=\"http:\/\/www.domary.com\/wp-content\/uploads\/2015\/02\/fileltteChapeauPaille.jpg\" alt=\"fileltteChapeauPaille\" width=\"713\" height=\"951\" srcset=\"http:\/\/www.domary.com\/wp-content\/uploads\/2015\/02\/fileltteChapeauPaille.jpg 768w, http:\/\/www.domary.com\/wp-content\/uploads\/2015\/02\/fileltteChapeauPaille-225x300.jpg 225w\" sizes=\"(max-width: 713px) 100vw, 713px\" \/><\/a><\/p>\n<p style=\"text-align: center;\">Les bleus \u00e0 l&rsquo;\u00e2me<\/p>\n<p style=\"text-align: center;\"><a href=\"http:\/\/www.domary.com\/wp-content\/uploads\/2015\/02\/800_798.jpg\"><img decoding=\"async\" loading=\"lazy\" class=\"wp-image-54 aligncenter\" src=\"http:\/\/www.domary.com\/wp-content\/uploads\/2015\/02\/1000_613.jpg\" alt=\"1000_613\" width=\"705\" height=\"704\" srcset=\"http:\/\/www.domary.com\/wp-content\/uploads\/2015\/02\/1000_613.jpg 1000w, http:\/\/www.domary.com\/wp-content\/uploads\/2015\/02\/1000_613-150x150.jpg 150w, http:\/\/www.domary.com\/wp-content\/uploads\/2015\/02\/1000_613-300x300.jpg 300w\" sizes=\"(max-width: 705px) 100vw, 705px\" \/><br \/>\n<\/a>Bleu et or<\/p>\n<p><img decoding=\"async\" loading=\"lazy\" class=\"size-full wp-image-55 aligncenter\" src=\"http:\/\/www.domary.com\/wp-content\/uploads\/2015\/02\/800_798.jpg\" alt=\"800_798\" width=\"707\" height=\"800\" srcset=\"http:\/\/www.domary.com\/wp-content\/uploads\/2015\/02\/800_798.jpg 707w, http:\/\/www.domary.com\/wp-content\/uploads\/2015\/02\/800_798-265x300.jpg 265w\" sizes=\"(max-width: 707px) 100vw, 707px\" \/><\/p>\n<p style=\"text-align: center;\">Sur le Chemin de Compostelle<br \/>\n<a href=\"http:\/\/www.domary.com\/wp-content\/uploads\/2015\/02\/compostelle904.jpg\"><img decoding=\"async\" loading=\"lazy\" class=\"wp-image-56 aligncenter\" src=\"http:\/\/www.domary.com\/wp-content\/uploads\/2015\/02\/compostelle904.jpg\" alt=\"compostelle904\" width=\"740\" height=\"622\" srcset=\"http:\/\/www.domary.com\/wp-content\/uploads\/2015\/02\/compostelle904.jpg 1578w, http:\/\/www.domary.com\/wp-content\/uploads\/2015\/02\/compostelle904-300x252.jpg 300w, http:\/\/www.domary.com\/wp-content\/uploads\/2015\/02\/compostelle904-1024x860.jpg 1024w\" sizes=\"(max-width: 740px) 100vw, 740px\" \/><\/a><\/p>\n<p style=\"text-align: center;\"><a href=\"http:\/\/www.domary.com\/wp-content\/uploads\/2015\/02\/600_443.jpg\"><br \/>\n<\/a>enfant ramoneur<br \/>\n<a href=\"http:\/\/www.domary.com\/wp-content\/uploads\/2015\/02\/600_443.jpg\"><img decoding=\"async\" loading=\"lazy\" class=\"size-full wp-image-57 aligncenter\" src=\"http:\/\/www.domary.com\/wp-content\/uploads\/2015\/02\/600_443.jpg\" alt=\"600_443\" width=\"600\" height=\"715\" srcset=\"http:\/\/www.domary.com\/wp-content\/uploads\/2015\/02\/600_443.jpg 600w, http:\/\/www.domary.com\/wp-content\/uploads\/2015\/02\/600_443-252x300.jpg 252w\" sizes=\"(max-width: 600px) 100vw, 600px\" \/><\/a><\/p>\n<p style=\"text-align: center;\">Jeune flutiste ( interpr\u00e9tation d&rsquo;apr\u00e8s un tableau de Judith Leyster)<a href=\"http:\/\/www.domary.com\/wp-content\/uploads\/2015\/02\/JudithLester297.jpg\"><img decoding=\"async\" loading=\"lazy\" class=\"wp-image-140 aligncenter\" src=\"http:\/\/www.domary.com\/wp-content\/uploads\/2015\/02\/JudithLester297.jpg\" alt=\"JudithLester297\" width=\"685\" height=\"793\" srcset=\"http:\/\/www.domary.com\/wp-content\/uploads\/2015\/02\/JudithLester297.jpg 1024w, http:\/\/www.domary.com\/wp-content\/uploads\/2015\/02\/JudithLester297-259x300.jpg 259w, http:\/\/www.domary.com\/wp-content\/uploads\/2015\/02\/JudithLester297-884x1024.jpg 884w\" sizes=\"(max-width: 685px) 100vw, 685px\" \/><\/a><\/p>\n<p style=\"text-align: center;\">Le P\u00e8re de la Mari\u00e9e<a href=\"http:\/\/www.domary.com\/wp-content\/uploads\/2015\/02\/P1130743.jpg\"><br \/>\n<img decoding=\"async\" loading=\"lazy\" class=\"wp-image-141 aligncenter\" src=\"http:\/\/www.domary.com\/wp-content\/uploads\/2015\/02\/P1130743.jpg\" alt=\"P1130743\" width=\"684\" height=\"513\" srcset=\"http:\/\/www.domary.com\/wp-content\/uploads\/2015\/02\/P1130743.jpg 3648w, http:\/\/www.domary.com\/wp-content\/uploads\/2015\/02\/P1130743-300x225.jpg 300w, http:\/\/www.domary.com\/wp-content\/uploads\/2015\/02\/P1130743-1024x768.jpg 1024w\" sizes=\"(max-width: 684px) 100vw, 684px\" \/><\/a><\/p>\n<p style=\"text-align: center;\">Enfant des \u00e9toiles<a href=\"http:\/\/www.domary.com\/wp-content\/uploads\/2015\/02\/P1070067a.jpg\"><br \/>\n<img decoding=\"async\" loading=\"lazy\" class=\"wp-image-142 aligncenter\" src=\"http:\/\/www.domary.com\/wp-content\/uploads\/2015\/02\/P1070067a.jpg\" alt=\"P1070067a\" width=\"721\" height=\"654\" srcset=\"http:\/\/www.domary.com\/wp-content\/uploads\/2015\/02\/P1070067a.jpg 1536w, http:\/\/www.domary.com\/wp-content\/uploads\/2015\/02\/P1070067a-300x272.jpg 300w, http:\/\/www.domary.com\/wp-content\/uploads\/2015\/02\/P1070067a-1024x928.jpg 1024w\" sizes=\"(max-width: 721px) 100vw, 721px\" \/><\/a><\/p>\n<p style=\"text-align: center;\">L&rsquo;enfant de la mine<a href=\"http:\/\/www.domary.com\/wp-content\/uploads\/2015\/02\/Mineur94.jpg\"><br \/>\n<img decoding=\"async\" loading=\"lazy\" class=\"wp-image-143 aligncenter\" src=\"http:\/\/www.domary.com\/wp-content\/uploads\/2015\/02\/Mineur94.jpg\" alt=\"Mineur94\" width=\"690\" height=\"901\" srcset=\"http:\/\/www.domary.com\/wp-content\/uploads\/2015\/02\/Mineur94.jpg 1875w, http:\/\/www.domary.com\/wp-content\/uploads\/2015\/02\/Mineur94-230x300.jpg 230w, http:\/\/www.domary.com\/wp-content\/uploads\/2015\/02\/Mineur94-784x1024.jpg 784w\" sizes=\"(max-width: 690px) 100vw, 690px\" \/><\/a><a href=\"http:\/\/www.domary.com\/wp-content\/uploads\/2015\/02\/Geographie0245.jpg\"><br \/>\n<\/a>La le\u00e7on de g\u00e9ographie (interpr\u00e9tation d&rsquo;apr\u00e8s un tableau de A.Girodet)<a href=\"http:\/\/www.domary.com\/wp-content\/uploads\/2015\/02\/Geographie0245.jpg\"><br \/>\n<img decoding=\"async\" loading=\"lazy\" class=\"wp-image-58 aligncenter\" src=\"http:\/\/www.domary.com\/wp-content\/uploads\/2015\/02\/Geographie0245.jpg\" alt=\"Geographie0245\" width=\"518\" height=\"691\" srcset=\"http:\/\/www.domary.com\/wp-content\/uploads\/2015\/02\/Geographie0245.jpg 1800w, http:\/\/www.domary.com\/wp-content\/uploads\/2015\/02\/Geographie0245-225x300.jpg 225w, http:\/\/www.domary.com\/wp-content\/uploads\/2015\/02\/Geographie0245-768x1024.jpg 768w\" sizes=\"(max-width: 518px) 100vw, 518px\" \/><\/a><\/p>\n<p style=\"text-align: center;\">\u00ab\u00a0La douleur d&rsquo; Andromaque\u00a0\u00bb\u00a0\u00a0 (interpr\u00e9tation du visage d&rsquo;apr\u00e8s d\u00e9tail du tableau de David)<a href=\"http:\/\/www.domary.com\/wp-content\/uploads\/2015\/02\/Andromaque.jpg\"><img decoding=\"async\" loading=\"lazy\" class=\"size-full wp-image-199 aligncenter\" src=\"http:\/\/www.domary.com\/wp-content\/uploads\/2015\/02\/Andromaque.jpg\" alt=\"Andromaque\" width=\"471\" height=\"604\" srcset=\"http:\/\/www.domary.com\/wp-content\/uploads\/2015\/02\/Andromaque.jpg 471w, http:\/\/www.domary.com\/wp-content\/uploads\/2015\/02\/Andromaque-234x300.jpg 234w\" sizes=\"(max-width: 471px) 100vw, 471px\" \/><br \/>\n<\/a><a href=\"http:\/\/www.domary.com\/wp-content\/uploads\/2015\/02\/1024_0561.jpg\"><img decoding=\"async\" loading=\"lazy\" class=\"alignnone size-full wp-image-312\" src=\"http:\/\/www.domary.com\/wp-content\/uploads\/2015\/02\/1024_0561.jpg\" alt=\"1024_0561\" width=\"1024\" height=\"855\" srcset=\"http:\/\/www.domary.com\/wp-content\/uploads\/2015\/02\/1024_0561.jpg 1024w, http:\/\/www.domary.com\/wp-content\/uploads\/2015\/02\/1024_0561-300x250.jpg 300w\" sizes=\"(max-width: 1024px) 100vw, 1024px\" \/><\/a><br \/>\nEnvol du Temps&#8230;<\/p>\n","protected":false},"excerpt":{"rendered":"<p>\u00a0Musique: \u00ab\u00a0Pari Passu\u00a0\u00bb Lex van Someren DomAry Nouveaut\u00e9s huile\u00a0 technique des \u00ab\u00a0Primitifs flamands\u00a0\u00bb : \u00a0\u00ab\u00a0La vie du Capitaine Guynemer\u00a0\u00bb \u00ab\u00a0L&rsquo;Alchimiste\u00a0\u00bb aquarelle: \u00ab\u00a0il y a autant de chemins qui m\u00e8nent \u00e0 Dieu que d&rsquo;hommes sur la terre\u00a0\u00bb huile technique flamande: ************************************************ huile technique flamande Un d\u00e9tail du tableau de L\u00e9onard de Vinci et V\u00e9rrocchio \u00ab\u00a0Le bapt\u00eame [&hellip;]<\/p>\n","protected":false},"author":1,"featured_media":0,"parent":0,"menu_order":0,"comment_status":"closed","ping_status":"closed","template":"","meta":[],"_links":{"self":[{"href":"http:\/\/www.domary.com\/index.php?rest_route=\/wp\/v2\/pages\/11"}],"collection":[{"href":"http:\/\/www.domary.com\/index.php?rest_route=\/wp\/v2\/pages"}],"about":[{"href":"http:\/\/www.domary.com\/index.php?rest_route=\/wp\/v2\/types\/page"}],"author":[{"embeddable":true,"href":"http:\/\/www.domary.com\/index.php?rest_route=\/wp\/v2\/users\/1"}],"replies":[{"embeddable":true,"href":"http:\/\/www.domary.com\/index.php?rest_route=%2Fwp%2Fv2%2Fcomments&post=11"}],"version-history":[{"count":48,"href":"http:\/\/www.domary.com\/index.php?rest_route=\/wp\/v2\/pages\/11\/revisions"}],"predecessor-version":[{"id":530,"href":"http:\/\/www.domary.com\/index.php?rest_route=\/wp\/v2\/pages\/11\/revisions\/530"}],"wp:attachment":[{"href":"http:\/\/www.domary.com\/index.php?rest_route=%2Fwp%2Fv2%2Fmedia&parent=11"}],"curies":[{"name":"wp","href":"https:\/\/api.w.org\/{rel}","templated":true}]}}