{"id":145,"date":"2015-07-08T21:29:19","date_gmt":"2015-07-08T20:29:19","guid":{"rendered":"http:\/\/www.domary.com\/?page_id=145"},"modified":"2016-03-24T19:13:37","modified_gmt":"2016-03-24T18:13:37","slug":"illustrations","status":"publish","type":"page","link":"http:\/\/www.domary.com\/?page_id=145","title":{"rendered":"4- Illustrations"},"content":{"rendered":"<!--[if lt IE 9]><script>document.createElement('audio');<\/script><![endif]-->\n<audio class=\"wp-audio-shortcode\" id=\"audio-145-1\" autoplay=\"1\" preload=\"none\" style=\"width: 100%;\" controls=\"controls\"><source type=\"audio\/mpeg\" src=\"http:\/\/www.domary.com\/wp-content\/uploads\/2015\/07\/ConcertoenremajeurG0291VivacedeMonsieurdeSaintGeorge.mp3?_=1\" \/><a href=\"http:\/\/www.domary.com\/wp-content\/uploads\/2015\/07\/ConcertoenremajeurG0291VivacedeMonsieurdeSaintGeorge.mp3\">http:\/\/www.domary.com\/wp-content\/uploads\/2015\/07\/ConcertoenremajeurG0291VivacedeMonsieurdeSaintGeorge.mp3<\/a><\/audio>\n<h5>Musique: Concerto en r\u00e9 majeur G0291 Vivace de Monsieur le Chevalier de Saint George<strong><br \/>\n<\/strong><\/h5>\n<p style=\"text-align: center;\">&#8212;&#8212;&#8212;&#8212;&#8212;&#8212;&#8212;&#8212;&#8212;&#8212;&#8212;&#8212;&#8212;&#8212;&#8212;&#8212;&#8212;&#8212;&#8212;&#8212;&#8212;&#8212;&#8212;&#8212;&#8212;&#8212;&#8212;&#8212;&#8212;&#8212;&#8212;&#8212;&#8212;&#8212;&#8212;&#8211;<\/p>\n<p>Illustrations\u00a0 de Dominik Salon \u00ab\u00a0DomAry\u00a0\u00bb pour un livre po\u00e9tique de F. Houdart et M. Herman:<\/p>\n<p>le livre mentionne tous les cr\u00e9dits photos, les autorisations et les lieux o\u00f9 les clich\u00e9s ont \u00e9t\u00e9 fait.<\/p>\n<p>&nbsp;<\/p>\n<h5 style=\"text-align: center;\"><img decoding=\"async\" loading=\"lazy\" class=\"alignnone size-full wp-image-298\" src=\"http:\/\/www.domary.com\/wp-content\/uploads\/2015\/08\/LesTraits_Lenfant3_1024.jpg\" alt=\"LesTraits_Lenfant3_1024\" width=\"2173\" height=\"768\" srcset=\"http:\/\/www.domary.com\/wp-content\/uploads\/2015\/08\/LesTraits_Lenfant3_1024.jpg 2173w, http:\/\/www.domary.com\/wp-content\/uploads\/2015\/08\/LesTraits_Lenfant3_1024-300x106.jpg 300w, http:\/\/www.domary.com\/wp-content\/uploads\/2015\/08\/LesTraits_Lenfant3_1024-1024x362.jpg 1024w\" sizes=\"(max-width: 2173px) 100vw, 2173px\" \/><br \/>\nPhoto r\u00e9alis\u00e9e par nos soins dans le parc du Ch\u00e2teau \u00ab\u00a0Clos Luc\u00e9\u00a0\u00bb pr\u00e8s d&rsquo;Amboise- Indre et Loire<br \/>\n******<\/h5>\n<p><img decoding=\"async\" loading=\"lazy\" class=\"alignnone size-full wp-image-150\" src=\"http:\/\/www.domary.com\/wp-content\/uploads\/2015\/07\/GisantePage1024.jpg\" alt=\"GisantePage1024\" width=\"2173\" height=\"768\" srcset=\"http:\/\/www.domary.com\/wp-content\/uploads\/2015\/07\/GisantePage1024.jpg 2173w, http:\/\/www.domary.com\/wp-content\/uploads\/2015\/07\/GisantePage1024-300x106.jpg 300w, http:\/\/www.domary.com\/wp-content\/uploads\/2015\/07\/GisantePage1024-1024x362.jpg 1024w\" sizes=\"(max-width: 2173px) 100vw, 2173px\" \/><\/p>\n<h5 style=\"text-align: center;\">Photo r\u00e9alis\u00e9e par nos soins:\u00a0 Gisant d&rsquo;Agn\u00e8s Sorel dans l&rsquo;\u00e9glise de Loches &#8211; Indre et Loire<br \/>\n*****<\/h5>\n<p>&nbsp;<\/p>\n<h5 style=\"text-align: center;\"><a href=\"http:\/\/www.domary.com\/wp-content\/uploads\/2015\/07\/FillettegroupeBrun2000.jpg\"><img decoding=\"async\" loading=\"lazy\" class=\"alignnone size-full wp-image-153\" src=\"http:\/\/www.domary.com\/wp-content\/uploads\/2015\/07\/FillettegroupeBrun2000.jpg\" alt=\"FillettegroupeBrun2000\" width=\"2173\" height=\"768\" srcset=\"http:\/\/www.domary.com\/wp-content\/uploads\/2015\/07\/FillettegroupeBrun2000.jpg 2173w, http:\/\/www.domary.com\/wp-content\/uploads\/2015\/07\/FillettegroupeBrun2000-300x106.jpg 300w, http:\/\/www.domary.com\/wp-content\/uploads\/2015\/07\/FillettegroupeBrun2000-1024x362.jpg 1024w\" sizes=\"(max-width: 2173px) 100vw, 2173px\" \/><\/a><a href=\"http:\/\/www.domary.com\/wp-content\/uploads\/2015\/07\/LePiedRobermont2_1024.jpg\"><img decoding=\"async\" loading=\"lazy\" class=\"alignnone size-full wp-image-155\" src=\"http:\/\/www.domary.com\/wp-content\/uploads\/2015\/07\/LePiedRobermont2_1024.jpg\" alt=\"LePiedRobermont2_1024\" width=\"2173\" height=\"768\" srcset=\"http:\/\/www.domary.com\/wp-content\/uploads\/2015\/07\/LePiedRobermont2_1024.jpg 2173w, http:\/\/www.domary.com\/wp-content\/uploads\/2015\/07\/LePiedRobermont2_1024-300x106.jpg 300w, http:\/\/www.domary.com\/wp-content\/uploads\/2015\/07\/LePiedRobermont2_1024-1024x362.jpg 1024w\" sizes=\"(max-width: 2173px) 100vw, 2173px\" \/><\/a><a href=\"http:\/\/www.domary.com\/wp-content\/uploads\/2015\/07\/LePasseur1024.jpg\"><img decoding=\"async\" loading=\"lazy\" class=\"alignnone size-full wp-image-154\" src=\"http:\/\/www.domary.com\/wp-content\/uploads\/2015\/07\/LePasseur1024.jpg\" alt=\"LePasseur1024\" width=\"2173\" height=\"768\" srcset=\"http:\/\/www.domary.com\/wp-content\/uploads\/2015\/07\/LePasseur1024.jpg 2173w, http:\/\/www.domary.com\/wp-content\/uploads\/2015\/07\/LePasseur1024-300x106.jpg 300w, http:\/\/www.domary.com\/wp-content\/uploads\/2015\/07\/LePasseur1024-1024x362.jpg 1024w\" sizes=\"(max-width: 2173px) 100vw, 2173px\" \/><\/a><a href=\"http:\/\/www.domary.com\/wp-content\/uploads\/2015\/07\/MannequinsChapeaux1024.jpg\"><br \/>\n<\/a><a href=\"http:\/\/www.domary.com\/wp-content\/uploads\/2015\/08\/PenicheParisBCalifeNoir1024.jpg\"><img decoding=\"async\" loading=\"lazy\" class=\"alignnone size-full wp-image-300\" src=\"http:\/\/www.domary.com\/wp-content\/uploads\/2015\/08\/PenicheParisBCalifeNoir1024.jpg\" alt=\"PenicheParisBCalifeNoir1024\" width=\"2173\" height=\"768\" srcset=\"http:\/\/www.domary.com\/wp-content\/uploads\/2015\/08\/PenicheParisBCalifeNoir1024.jpg 2173w, http:\/\/www.domary.com\/wp-content\/uploads\/2015\/08\/PenicheParisBCalifeNoir1024-300x106.jpg 300w, http:\/\/www.domary.com\/wp-content\/uploads\/2015\/08\/PenicheParisBCalifeNoir1024-1024x362.jpg 1024w\" sizes=\"(max-width: 2173px) 100vw, 2173px\" \/><\/a>Photo r\u00e9alis\u00e9e par nos soins sur la p\u00e9niche restaurant le Calife ancr\u00e9e Pont des Arts bords- de Seine \u00e0 Paris<br \/>\n*****<\/h5>\n<h5 style=\"text-align: center;\"><img decoding=\"async\" loading=\"lazy\" class=\"alignnone size-full wp-image-299\" src=\"http:\/\/www.domary.com\/wp-content\/uploads\/2015\/08\/LaQuestion2_1024.jpg\" alt=\"LaQuestion2_1024\" width=\"2173\" height=\"768\" srcset=\"http:\/\/www.domary.com\/wp-content\/uploads\/2015\/08\/LaQuestion2_1024.jpg 2173w, http:\/\/www.domary.com\/wp-content\/uploads\/2015\/08\/LaQuestion2_1024-300x106.jpg 300w, http:\/\/www.domary.com\/wp-content\/uploads\/2015\/08\/LaQuestion2_1024-1024x362.jpg 1024w\" sizes=\"(max-width: 2173px) 100vw, 2173px\" \/>Photo r\u00e9alis\u00e9e par nos soins dans le cimeti\u00e8re de Robermont \u00e0 Li\u00e8ge- Belgique<br \/>\n*****<\/h5>\n<h5 style=\"text-align: center;\"><img decoding=\"async\" loading=\"lazy\" class=\"alignnone size-full wp-image-301\" src=\"http:\/\/www.domary.com\/wp-content\/uploads\/2015\/08\/TuEsVenu2.jpg\" alt=\"TuEsVenu2\" width=\"2173\" height=\"768\" srcset=\"http:\/\/www.domary.com\/wp-content\/uploads\/2015\/08\/TuEsVenu2.jpg 2173w, http:\/\/www.domary.com\/wp-content\/uploads\/2015\/08\/TuEsVenu2-300x106.jpg 300w, http:\/\/www.domary.com\/wp-content\/uploads\/2015\/08\/TuEsVenu2-1024x362.jpg 1024w\" sizes=\"(max-width: 2173px) 100vw, 2173px\" \/>Photo r\u00e9alis\u00e9e par nos soins dans le parc du Ch\u00e2teau de Valen\u00e7ay -Indre<br \/>\n*****<\/h5>\n<p><img decoding=\"async\" loading=\"lazy\" class=\"alignnone size-full wp-image-302\" src=\"http:\/\/www.domary.com\/wp-content\/uploads\/2015\/07\/FemmeBlanche1b768.jpg\" alt=\"FemmeBlanche1b768\" width=\"2173\" height=\"768\" srcset=\"http:\/\/www.domary.com\/wp-content\/uploads\/2015\/07\/FemmeBlanche1b768.jpg 2173w, http:\/\/www.domary.com\/wp-content\/uploads\/2015\/07\/FemmeBlanche1b768-300x106.jpg 300w, http:\/\/www.domary.com\/wp-content\/uploads\/2015\/07\/FemmeBlanche1b768-1024x362.jpg 1024w\" sizes=\"(max-width: 2173px) 100vw, 2173px\" \/><a href=\"http:\/\/www.domary.com\/wp-content\/uploads\/2015\/07\/MannequinsChapeaux1024.jpg\"><br \/>\n<img decoding=\"async\" loading=\"lazy\" class=\"alignnone size-full wp-image-157\" src=\"http:\/\/www.domary.com\/wp-content\/uploads\/2015\/07\/MannequinsChapeaux1024.jpg\" alt=\"MannequinsChapeaux1024\" width=\"2173\" height=\"768\" srcset=\"http:\/\/www.domary.com\/wp-content\/uploads\/2015\/07\/MannequinsChapeaux1024.jpg 2173w, http:\/\/www.domary.com\/wp-content\/uploads\/2015\/07\/MannequinsChapeaux1024-300x106.jpg 300w, http:\/\/www.domary.com\/wp-content\/uploads\/2015\/07\/MannequinsChapeaux1024-1024x362.jpg 1024w\" sizes=\"(max-width: 2173px) 100vw, 2173px\" \/><\/a><\/p>\n","protected":false},"excerpt":{"rendered":"<p>Musique: Concerto en r\u00e9 majeur G0291 Vivace de Monsieur le Chevalier de Saint George &#8212;&#8212;&#8212;&#8212;&#8212;&#8212;&#8212;&#8212;&#8212;&#8212;&#8212;&#8212;&#8212;&#8212;&#8212;&#8212;&#8212;&#8212;&#8212;&#8212;&#8212;&#8212;&#8212;&#8212;&#8212;&#8212;&#8212;&#8212;&#8212;&#8212;&#8212;&#8212;&#8212;&#8212;&#8212;&#8211; Illustrations\u00a0 de Dominik Salon \u00ab\u00a0DomAry\u00a0\u00bb pour un livre po\u00e9tique de F. Houdart et M. Herman: le livre mentionne tous les cr\u00e9dits photos, les autorisations et les lieux o\u00f9 les clich\u00e9s ont \u00e9t\u00e9 fait. &nbsp; Photo r\u00e9alis\u00e9e par nos soins dans [&hellip;]<\/p>\n","protected":false},"author":1,"featured_media":0,"parent":0,"menu_order":0,"comment_status":"open","ping_status":"open","template":"page-full-width.php","meta":[],"_links":{"self":[{"href":"http:\/\/www.domary.com\/index.php?rest_route=\/wp\/v2\/pages\/145"}],"collection":[{"href":"http:\/\/www.domary.com\/index.php?rest_route=\/wp\/v2\/pages"}],"about":[{"href":"http:\/\/www.domary.com\/index.php?rest_route=\/wp\/v2\/types\/page"}],"author":[{"embeddable":true,"href":"http:\/\/www.domary.com\/index.php?rest_route=\/wp\/v2\/users\/1"}],"replies":[{"embeddable":true,"href":"http:\/\/www.domary.com\/index.php?rest_route=%2Fwp%2Fv2%2Fcomments&post=145"}],"version-history":[{"count":18,"href":"http:\/\/www.domary.com\/index.php?rest_route=\/wp\/v2\/pages\/145\/revisions"}],"predecessor-version":[{"id":308,"href":"http:\/\/www.domary.com\/index.php?rest_route=\/wp\/v2\/pages\/145\/revisions\/308"}],"wp:attachment":[{"href":"http:\/\/www.domary.com\/index.php?rest_route=%2Fwp%2Fv2%2Fmedia&parent=145"}],"curies":[{"name":"wp","href":"https:\/\/api.w.org\/{rel}","templated":true}]}}