{"id":228,"date":"2015-07-11T18:00:04","date_gmt":"2015-07-11T17:00:04","guid":{"rendered":"http:\/\/www.domary.com\/?page_id=228"},"modified":"2020-08-13T12:18:51","modified_gmt":"2020-08-13T11:18:51","slug":"0-affiche","status":"publish","type":"page","link":"http:\/\/www.domary.com\/","title":{"rendered":"Affiche"},"content":{"rendered":"<!--[if lt IE 9]><script>document.createElement('audio');<\/script><![endif]-->\n<audio class=\"wp-audio-shortcode\" id=\"audio-228-1\" autoplay=\"1\" preload=\"none\" style=\"width: 100%;\" controls=\"controls\"><source type=\"audio\/mpeg\" src=\"http:\/\/www.domary.com\/wp-content\/uploads\/2015\/07\/10-LightEnergyMusicMeditationLexvanSomeren.mp3?_=1\" \/><a href=\"http:\/\/www.domary.com\/wp-content\/uploads\/2015\/07\/10-LightEnergyMusicMeditationLexvanSomeren.mp3\">http:\/\/www.domary.com\/wp-content\/uploads\/2015\/07\/10-LightEnergyMusicMeditationLexvanSomeren.mp3<\/a><\/audio>\n<h5 style=\"text-align: center;\">Musique: \u00ab\u00a0Light Energy \u00a0\u00bb de Lex van Someren<\/h5>\n<p>*******<\/p>\n<h4 style=\"text-align: center;\"><span style=\"color: #732525;\">Nouvelle exposition 2020 dans le METRO de Berlin:<\/span><br \/>\n<a href=\"https:\/\/expometro.co\/fr\/exhibition\/2020-berlin\">https:\/\/expometro.co\/fr\/exhibition\/2020-berlin<\/a><\/h4>\n<p><a href=\"http:\/\/www.domary.com\/wp-content\/uploads\/2020\/08\/Screenshot_2020-08-13-Berlin1.png\"><img decoding=\"async\" loading=\"lazy\" class=\"aligncenter size-full wp-image-483\" src=\"http:\/\/www.domary.com\/wp-content\/uploads\/2020\/08\/Screenshot_2020-08-13-Berlin1.png\" alt=\"\" width=\"1252\" height=\"883\" srcset=\"http:\/\/www.domary.com\/wp-content\/uploads\/2020\/08\/Screenshot_2020-08-13-Berlin1.png 1252w, http:\/\/www.domary.com\/wp-content\/uploads\/2020\/08\/Screenshot_2020-08-13-Berlin1-300x212.png 300w, http:\/\/www.domary.com\/wp-content\/uploads\/2020\/08\/Screenshot_2020-08-13-Berlin1-1024x722.png 1024w, http:\/\/www.domary.com\/wp-content\/uploads\/2020\/08\/Screenshot_2020-08-13-Berlin1-768x542.png 768w\" sizes=\"(max-width: 1252px) 100vw, 1252px\" \/><\/a><\/p>\n<p style=\"text-align: center;\">*******<\/p>\n<p style=\"text-align: center;\">L&rsquo;exposition 2015 est termin\u00e9e&#8230;<\/p>\n<h3 style=\"text-align: center;\">Grand Merci \u00e0 la municipalit\u00e9 de St Aignan qui nous a invit\u00e9.<\/h3>\n<p>\u00e0 son maire Monsieur Eric Carnat, \u00e0 Monsieur Xavier Trotignon maire-adjoint \u00e0 la Culture et Communication, aux personnes b\u00e9n\u00e9voles qui ont assur\u00e9 des permanences lors de nos absences, sans oublier les commer\u00e7ants voisins qui nous ont accueillies&#8230; Mais aussi \u00e0 nos \u00e9poux qui nous\u00a0ont toujours\u00a0 soutenues, accompagn\u00e9es et surtout \u00ab\u00a0support\u00e9es\u00a0\u00bb!.<\/p>\n<p><a href=\"http:\/\/www.domary.com\/wp-content\/uploads\/2014\/10\/affiche1024.jpg\"><img decoding=\"async\" loading=\"lazy\" class=\" size-full wp-image-32 aligncenter\" src=\"http:\/\/www.domary.com\/wp-content\/uploads\/2014\/10\/affiche1024.jpg\" alt=\"affiche1024\" width=\"768\" height=\"1024\" srcset=\"http:\/\/www.domary.com\/wp-content\/uploads\/2014\/10\/affiche1024.jpg 768w, http:\/\/www.domary.com\/wp-content\/uploads\/2014\/10\/affiche1024-225x300.jpg 225w\" sizes=\"(max-width: 768px) 100vw, 768px\" \/><\/a><\/p>\n","protected":false},"excerpt":{"rendered":"<p>Musique: \u00ab\u00a0Light Energy \u00a0\u00bb de Lex van Someren ******* Nouvelle exposition 2020 dans le METRO de Berlin: https:\/\/expometro.co\/fr\/exhibition\/2020-berlin ******* L&rsquo;exposition 2015 est termin\u00e9e&#8230; Grand Merci \u00e0 la municipalit\u00e9 de St Aignan qui nous a invit\u00e9. \u00e0 son maire Monsieur Eric Carnat, \u00e0 Monsieur Xavier Trotignon maire-adjoint \u00e0 la Culture et Communication, aux personnes b\u00e9n\u00e9voles qui [&hellip;]<\/p>\n","protected":false},"author":1,"featured_media":0,"parent":0,"menu_order":0,"comment_status":"open","ping_status":"open","template":"page-full-width-no-title.php","meta":[],"_links":{"self":[{"href":"http:\/\/www.domary.com\/index.php?rest_route=\/wp\/v2\/pages\/228"}],"collection":[{"href":"http:\/\/www.domary.com\/index.php?rest_route=\/wp\/v2\/pages"}],"about":[{"href":"http:\/\/www.domary.com\/index.php?rest_route=\/wp\/v2\/types\/page"}],"author":[{"embeddable":true,"href":"http:\/\/www.domary.com\/index.php?rest_route=\/wp\/v2\/users\/1"}],"replies":[{"embeddable":true,"href":"http:\/\/www.domary.com\/index.php?rest_route=%2Fwp%2Fv2%2Fcomments&post=228"}],"version-history":[{"count":20,"href":"http:\/\/www.domary.com\/index.php?rest_route=\/wp\/v2\/pages\/228\/revisions"}],"predecessor-version":[{"id":486,"href":"http:\/\/www.domary.com\/index.php?rest_route=\/wp\/v2\/pages\/228\/revisions\/486"}],"wp:attachment":[{"href":"http:\/\/www.domary.com\/index.php?rest_route=%2Fwp%2Fv2%2Fmedia&parent=228"}],"curies":[{"name":"wp","href":"https:\/\/api.w.org\/{rel}","templated":true}]}}