{"id":34,"date":"2015-07-01T18:38:29","date_gmt":"2015-07-01T17:38:29","guid":{"rendered":"http:\/\/domary.com\/?page_id=34"},"modified":"2020-08-13T12:16:18","modified_gmt":"2020-08-13T11:16:18","slug":"accueil","status":"publish","type":"page","link":"http:\/\/www.domary.com\/?page_id=34","title":{"rendered":"2- Expositions"},"content":{"rendered":"<!--[if lt IE 9]><script>document.createElement('audio');<\/script><![endif]-->\n<audio class=\"wp-audio-shortcode\" id=\"audio-34-1\" autoplay=\"1\" preload=\"none\" style=\"width: 100%;\" controls=\"controls\"><source type=\"audio\/mpeg\" src=\"http:\/\/www.domary.com\/wp-content\/uploads\/2015\/07\/ArmandAmarPoemOfTheAtoms.mp3?_=1\" \/><a href=\"http:\/\/www.domary.com\/wp-content\/uploads\/2015\/07\/ArmandAmarPoemOfTheAtoms.mp3\">http:\/\/www.domary.com\/wp-content\/uploads\/2015\/07\/ArmandAmarPoemOfTheAtoms.mp3<\/a><\/audio>\n<h6 style=\"text-align: center;\">Musique : Poem Of The Atoms \u00ab\u00a0BabAziz\u00a0\u00bb\u00a0 Armand Amar<\/p>\n<p>*******<\/h6>\n<h3 style=\"text-align: center;\">Nouvelle exposition 2020 dans le METRO de Berlin:<\/h3>\n<p style=\"text-align: center;\"><a href=\"https:\/\/expometro.co\/fr\/exhibition\/2020-berlin\">https:\/\/expometro.co\/fr\/exhibition\/2020-berlin<\/a><\/p>\n<p><a href=\"http:\/\/www.domary.com\/wp-content\/uploads\/2020\/08\/Screenshot_2020-08-13-Berlin1.png\"><img decoding=\"async\" loading=\"lazy\" class=\"alignnone size-full wp-image-483\" src=\"http:\/\/www.domary.com\/wp-content\/uploads\/2020\/08\/Screenshot_2020-08-13-Berlin1.png\" alt=\"\" width=\"1252\" height=\"883\" srcset=\"http:\/\/www.domary.com\/wp-content\/uploads\/2020\/08\/Screenshot_2020-08-13-Berlin1.png 1252w, http:\/\/www.domary.com\/wp-content\/uploads\/2020\/08\/Screenshot_2020-08-13-Berlin1-300x212.png 300w, http:\/\/www.domary.com\/wp-content\/uploads\/2020\/08\/Screenshot_2020-08-13-Berlin1-1024x722.png 1024w, http:\/\/www.domary.com\/wp-content\/uploads\/2020\/08\/Screenshot_2020-08-13-Berlin1-768x542.png 768w\" sizes=\"(max-width: 1252px) 100vw, 1252px\" \/><\/a><\/p>\n<p style=\"text-align: center;\">*******************<br \/>\n2015<\/p>\n<h5>Le vernissage fut une r\u00e9ussite&#8230;<\/h5>\n<h5>Merci \u00e0 la municipalit\u00e9 de St Aignan qui nous a invit\u00e9<\/h5>\n<h5>Merci \u00e0 nos amies qui ont g\u00e9n\u00e9reusement pr\u00e9par\u00e9 et offert le buffet.<\/h5>\n<h5>Merci \u00e0 tous ceux qui nous ont aid\u00e9, et \u00e0 ceux qui nous ont rendu visite.<br \/>\n<a href=\"http:\/\/www.domary.com\/wp-content\/uploads\/2015\/07\/cartonInvitation1024.jpg\"><img decoding=\"async\" loading=\"lazy\" class=\"alignnone size-full wp-image-44\" src=\"http:\/\/www.domary.com\/wp-content\/uploads\/2015\/07\/cartonInvitation1024.jpg\" alt=\"cartonInvitation1024\" width=\"1024\" height=\"488\" srcset=\"http:\/\/www.domary.com\/wp-content\/uploads\/2015\/07\/cartonInvitation1024.jpg 1024w, http:\/\/www.domary.com\/wp-content\/uploads\/2015\/07\/cartonInvitation1024-300x143.jpg 300w\" sizes=\"(max-width: 1024px) 100vw, 1024px\" \/><\/a><\/h5>\n<p><a href=\"http:\/\/www.domary.com\/wp-content\/uploads\/2015\/07\/IMG_0440.jpg\"><img decoding=\"async\" loading=\"lazy\" class=\"alignnone size-full wp-image-282\" src=\"http:\/\/www.domary.com\/wp-content\/uploads\/2015\/07\/IMG_0440.jpg\" alt=\"IMG_0440\" width=\"800\" height=\"533\" srcset=\"http:\/\/www.domary.com\/wp-content\/uploads\/2015\/07\/IMG_0440.jpg 800w, http:\/\/www.domary.com\/wp-content\/uploads\/2015\/07\/IMG_0440-300x200.jpg 300w\" sizes=\"(max-width: 800px) 100vw, 800px\" \/><\/a> <a href=\"http:\/\/www.domary.com\/wp-content\/uploads\/2015\/07\/IMG_0457.jpg\"><img decoding=\"async\" loading=\"lazy\" class=\"alignnone size-full wp-image-283\" src=\"http:\/\/www.domary.com\/wp-content\/uploads\/2015\/07\/IMG_0457.jpg\" alt=\"IMG_0457\" width=\"800\" height=\"533\" srcset=\"http:\/\/www.domary.com\/wp-content\/uploads\/2015\/07\/IMG_0457.jpg 800w, http:\/\/www.domary.com\/wp-content\/uploads\/2015\/07\/IMG_0457-300x200.jpg 300w\" sizes=\"(max-width: 800px) 100vw, 800px\" \/><\/a><\/p>\n<p style=\"text-align: center;\">\u00a0Magnifiques salles que celles de la Pr\u00e9v\u00f4t\u00e9!<\/p>\n<p style=\"text-align: center;\">Un bel \u00e9crin pour nos toiles&#8230;merci \u00e0 la Municipalit\u00e9 de Saint-Aignan pour son accueil.<\/p>\n<p style=\"text-align: center;\"><a href=\"http:\/\/www.domary.com\/wp-content\/uploads\/2015\/07\/1024_131.jpg\"><img decoding=\"async\" loading=\"lazy\" class=\"alignnone size-full wp-image-270\" src=\"http:\/\/www.domary.com\/wp-content\/uploads\/2015\/07\/1024_131.jpg\" alt=\"1024_131\" width=\"768\" height=\"1024\" srcset=\"http:\/\/www.domary.com\/wp-content\/uploads\/2015\/07\/1024_131.jpg 768w, http:\/\/www.domary.com\/wp-content\/uploads\/2015\/07\/1024_131-225x300.jpg 225w\" sizes=\"(max-width: 768px) 100vw, 768px\" \/><\/a><\/p>\n<p style=\"text-align: center;\"><a href=\"http:\/\/www.domary.com\/wp-content\/uploads\/2015\/07\/1024_139.jpg\"><img decoding=\"async\" loading=\"lazy\" class=\"alignnone size-full wp-image-273\" src=\"http:\/\/www.domary.com\/wp-content\/uploads\/2015\/07\/1024_139.jpg\" alt=\"1024_139\" width=\"1024\" height=\"768\" srcset=\"http:\/\/www.domary.com\/wp-content\/uploads\/2015\/07\/1024_139.jpg 1024w, http:\/\/www.domary.com\/wp-content\/uploads\/2015\/07\/1024_139-300x225.jpg 300w\" sizes=\"(max-width: 1024px) 100vw, 1024px\" \/><\/a><a href=\"http:\/\/www.domary.com\/wp-content\/uploads\/2015\/07\/1024_0135.jpg\"><img decoding=\"async\" loading=\"lazy\" class=\"alignnone size-full wp-image-271\" src=\"http:\/\/www.domary.com\/wp-content\/uploads\/2015\/07\/1024_0135.jpg\" alt=\"1024_0135\" width=\"768\" height=\"1024\" srcset=\"http:\/\/www.domary.com\/wp-content\/uploads\/2015\/07\/1024_0135.jpg 768w, http:\/\/www.domary.com\/wp-content\/uploads\/2015\/07\/1024_0135-225x300.jpg 225w\" sizes=\"(max-width: 768px) 100vw, 768px\" \/><\/a><a href=\"http:\/\/www.domary.com\/wp-content\/uploads\/2015\/07\/1024_108.jpg\"><img decoding=\"async\" loading=\"lazy\" class=\"alignnone size-full wp-image-265\" src=\"http:\/\/www.domary.com\/wp-content\/uploads\/2015\/07\/1024_108.jpg\" alt=\"1024_108\" width=\"1024\" height=\"768\" srcset=\"http:\/\/www.domary.com\/wp-content\/uploads\/2015\/07\/1024_108.jpg 1024w, http:\/\/www.domary.com\/wp-content\/uploads\/2015\/07\/1024_108-300x225.jpg 300w\" sizes=\"(max-width: 1024px) 100vw, 1024px\" \/><\/a><a href=\"http:\/\/www.domary.com\/wp-content\/uploads\/2015\/07\/1024_143.jpg\"><img decoding=\"async\" loading=\"lazy\" class=\"alignnone size-full wp-image-275\" src=\"http:\/\/www.domary.com\/wp-content\/uploads\/2015\/07\/1024_143.jpg\" alt=\"1024_143\" width=\"1024\" height=\"768\" srcset=\"http:\/\/www.domary.com\/wp-content\/uploads\/2015\/07\/1024_143.jpg 1024w, http:\/\/www.domary.com\/wp-content\/uploads\/2015\/07\/1024_143-300x225.jpg 300w\" sizes=\"(max-width: 1024px) 100vw, 1024px\" \/><\/a><a href=\"http:\/\/www.domary.com\/wp-content\/uploads\/2015\/07\/1024_141.jpg\"><img decoding=\"async\" loading=\"lazy\" class=\"alignnone size-full wp-image-274\" src=\"http:\/\/www.domary.com\/wp-content\/uploads\/2015\/07\/1024_141.jpg\" alt=\"1024_141\" width=\"1024\" height=\"768\" srcset=\"http:\/\/www.domary.com\/wp-content\/uploads\/2015\/07\/1024_141.jpg 1024w, http:\/\/www.domary.com\/wp-content\/uploads\/2015\/07\/1024_141-300x225.jpg 300w\" sizes=\"(max-width: 1024px) 100vw, 1024px\" \/><\/a><a href=\"http:\/\/www.domary.com\/wp-content\/uploads\/2015\/07\/1024_116.jpg\"><img decoding=\"async\" loading=\"lazy\" class=\"alignnone size-full wp-image-266\" src=\"http:\/\/www.domary.com\/wp-content\/uploads\/2015\/07\/1024_116.jpg\" alt=\"1024_116\" width=\"768\" height=\"1024\" srcset=\"http:\/\/www.domary.com\/wp-content\/uploads\/2015\/07\/1024_116.jpg 768w, http:\/\/www.domary.com\/wp-content\/uploads\/2015\/07\/1024_116-225x300.jpg 225w\" sizes=\"(max-width: 768px) 100vw, 768px\" \/><\/a><a href=\"http:\/\/www.domary.com\/wp-content\/uploads\/2015\/07\/1024_125.jpg\"><img decoding=\"async\" loading=\"lazy\" class=\"alignnone size-full wp-image-269\" src=\"http:\/\/www.domary.com\/wp-content\/uploads\/2015\/07\/1024_125.jpg\" alt=\"1024_125\" width=\"1024\" height=\"768\" srcset=\"http:\/\/www.domary.com\/wp-content\/uploads\/2015\/07\/1024_125.jpg 1024w, http:\/\/www.domary.com\/wp-content\/uploads\/2015\/07\/1024_125-300x225.jpg 300w\" sizes=\"(max-width: 1024px) 100vw, 1024px\" \/><\/a><a href=\"http:\/\/www.domary.com\/wp-content\/uploads\/2015\/07\/1024_124.jpg\"><img decoding=\"async\" loading=\"lazy\" class=\"alignnone size-full wp-image-268\" src=\"http:\/\/www.domary.com\/wp-content\/uploads\/2015\/07\/1024_124.jpg\" alt=\"1024_124\" width=\"1024\" height=\"768\" srcset=\"http:\/\/www.domary.com\/wp-content\/uploads\/2015\/07\/1024_124.jpg 1024w, http:\/\/www.domary.com\/wp-content\/uploads\/2015\/07\/1024_124-300x225.jpg 300w\" sizes=\"(max-width: 1024px) 100vw, 1024px\" \/><\/a><a href=\"http:\/\/www.domary.com\/wp-content\/uploads\/2015\/07\/1024_enfant.jpg\"><img decoding=\"async\" loading=\"lazy\" class=\"alignnone size-full wp-image-264\" src=\"http:\/\/www.domary.com\/wp-content\/uploads\/2015\/07\/1024_enfant.jpg\" alt=\"1024_enfant\" width=\"1024\" height=\"768\" srcset=\"http:\/\/www.domary.com\/wp-content\/uploads\/2015\/07\/1024_enfant.jpg 1024w, http:\/\/www.domary.com\/wp-content\/uploads\/2015\/07\/1024_enfant-300x225.jpg 300w\" sizes=\"(max-width: 1024px) 100vw, 1024px\" \/><\/a><a href=\"http:\/\/www.domary.com\/wp-content\/uploads\/2015\/07\/1024_117.jpg\"><img decoding=\"async\" loading=\"lazy\" class=\"alignnone size-full wp-image-267\" src=\"http:\/\/www.domary.com\/wp-content\/uploads\/2015\/07\/1024_117.jpg\" alt=\"1024_117\" width=\"768\" height=\"1024\" srcset=\"http:\/\/www.domary.com\/wp-content\/uploads\/2015\/07\/1024_117.jpg 768w, http:\/\/www.domary.com\/wp-content\/uploads\/2015\/07\/1024_117-225x300.jpg 225w\" sizes=\"(max-width: 768px) 100vw, 768px\" \/><\/a><a href=\"http:\/\/www.domary.com\/wp-content\/uploads\/2015\/07\/1024_147.jpg\"><img decoding=\"async\" loading=\"lazy\" class=\"alignnone size-full wp-image-276\" src=\"http:\/\/www.domary.com\/wp-content\/uploads\/2015\/07\/1024_147.jpg\" alt=\"1024_147\" width=\"768\" height=\"1024\" srcset=\"http:\/\/www.domary.com\/wp-content\/uploads\/2015\/07\/1024_147.jpg 768w, http:\/\/www.domary.com\/wp-content\/uploads\/2015\/07\/1024_147-225x300.jpg 225w\" sizes=\"(max-width: 768px) 100vw, 768px\" \/><\/a><\/p>\n<p><a href=\"http:\/\/www.domary.com\/wp-content\/uploads\/2015\/08\/1024a_144.jpg\"><img decoding=\"async\" loading=\"lazy\" class=\"alignnone size-full wp-image-331\" src=\"http:\/\/www.domary.com\/wp-content\/uploads\/2015\/08\/1024a_144.jpg\" alt=\"1024a_144\" width=\"1024\" height=\"768\" srcset=\"http:\/\/www.domary.com\/wp-content\/uploads\/2015\/08\/1024a_144.jpg 1024w, http:\/\/www.domary.com\/wp-content\/uploads\/2015\/08\/1024a_144-300x225.jpg 300w\" sizes=\"(max-width: 1024px) 100vw, 1024px\" \/><\/a><a href=\"http:\/\/www.domary.com\/wp-content\/uploads\/2015\/08\/1024a_111.jpg\"><img decoding=\"async\" loading=\"lazy\" class=\"alignnone size-full wp-image-328\" src=\"http:\/\/www.domary.com\/wp-content\/uploads\/2015\/08\/1024a_111.jpg\" alt=\"1024a_111\" width=\"1024\" height=\"768\" srcset=\"http:\/\/www.domary.com\/wp-content\/uploads\/2015\/08\/1024a_111.jpg 1024w, http:\/\/www.domary.com\/wp-content\/uploads\/2015\/08\/1024a_111-300x225.jpg 300w\" sizes=\"(max-width: 1024px) 100vw, 1024px\" \/><\/a><a href=\"http:\/\/www.domary.com\/wp-content\/uploads\/2015\/08\/1024a_104.jpg\"><img decoding=\"async\" loading=\"lazy\" class=\"alignnone size-full wp-image-327\" src=\"http:\/\/www.domary.com\/wp-content\/uploads\/2015\/08\/1024a_104.jpg\" alt=\"1024a_104\" width=\"1024\" height=\"768\" srcset=\"http:\/\/www.domary.com\/wp-content\/uploads\/2015\/08\/1024a_104.jpg 1024w, http:\/\/www.domary.com\/wp-content\/uploads\/2015\/08\/1024a_104-300x225.jpg 300w\" sizes=\"(max-width: 1024px) 100vw, 1024px\" \/><\/a><a href=\"http:\/\/www.domary.com\/wp-content\/uploads\/2015\/08\/1024a_06.jpg\"><img decoding=\"async\" loading=\"lazy\" class=\"alignnone size-full wp-image-326\" src=\"http:\/\/www.domary.com\/wp-content\/uploads\/2015\/08\/1024a_06.jpg\" alt=\"1024a_06\" width=\"1024\" height=\"768\" srcset=\"http:\/\/www.domary.com\/wp-content\/uploads\/2015\/08\/1024a_06.jpg 1024w, http:\/\/www.domary.com\/wp-content\/uploads\/2015\/08\/1024a_06-300x225.jpg 300w\" sizes=\"(max-width: 1024px) 100vw, 1024px\" \/><\/a><a href=\"http:\/\/www.domary.com\/wp-content\/uploads\/2015\/08\/1024a_415.jpg\"><img decoding=\"async\" loading=\"lazy\" class=\"alignnone size-full wp-image-325\" src=\"http:\/\/www.domary.com\/wp-content\/uploads\/2015\/08\/1024a_415.jpg\" alt=\"1024a_415\" width=\"1024\" height=\"682\" srcset=\"http:\/\/www.domary.com\/wp-content\/uploads\/2015\/08\/1024a_415.jpg 1024w, http:\/\/www.domary.com\/wp-content\/uploads\/2015\/08\/1024a_415-300x200.jpg 300w\" sizes=\"(max-width: 1024px) 100vw, 1024px\" \/><\/a><\/p>\n<p style=\"text-align: center;\">\n","protected":false},"excerpt":{"rendered":"<p>Musique : Poem Of The Atoms \u00ab\u00a0BabAziz\u00a0\u00bb\u00a0 Armand Amar ******* Nouvelle exposition 2020 dans le METRO de Berlin: https:\/\/expometro.co\/fr\/exhibition\/2020-berlin ******************* 2015 Le vernissage fut une r\u00e9ussite&#8230; Merci \u00e0 la municipalit\u00e9 de St Aignan qui nous a invit\u00e9 Merci \u00e0 nos amies qui ont g\u00e9n\u00e9reusement pr\u00e9par\u00e9 et offert le buffet. Merci \u00e0 tous ceux qui nous [&hellip;]<\/p>\n","protected":false},"author":1,"featured_media":0,"parent":0,"menu_order":0,"comment_status":"open","ping_status":"open","template":"page-full-width.php","meta":[],"_links":{"self":[{"href":"http:\/\/www.domary.com\/index.php?rest_route=\/wp\/v2\/pages\/34"}],"collection":[{"href":"http:\/\/www.domary.com\/index.php?rest_route=\/wp\/v2\/pages"}],"about":[{"href":"http:\/\/www.domary.com\/index.php?rest_route=\/wp\/v2\/types\/page"}],"author":[{"embeddable":true,"href":"http:\/\/www.domary.com\/index.php?rest_route=\/wp\/v2\/users\/1"}],"replies":[{"embeddable":true,"href":"http:\/\/www.domary.com\/index.php?rest_route=%2Fwp%2Fv2%2Fcomments&post=34"}],"version-history":[{"count":23,"href":"http:\/\/www.domary.com\/index.php?rest_route=\/wp\/v2\/pages\/34\/revisions"}],"predecessor-version":[{"id":484,"href":"http:\/\/www.domary.com\/index.php?rest_route=\/wp\/v2\/pages\/34\/revisions\/484"}],"wp:attachment":[{"href":"http:\/\/www.domary.com\/index.php?rest_route=%2Fwp%2Fv2%2Fmedia&parent=34"}],"curies":[{"name":"wp","href":"https:\/\/api.w.org\/{rel}","templated":true}]}}